{"id":19,"date":"2024-10-01T12:29:08","date_gmt":"2024-10-01T12:29:08","guid":{"rendered":"https:\/\/yeli.it\/faq\/"},"modified":"2024-10-01T21:30:50","modified_gmt":"2024-10-01T20:30:50","slug":"faq","status":"publish","type":"page","link":"https:\/\/yeli.it\/it\/faq\/","title":{"rendered":"FAQ"},"content":{"rendered":"\n<div class=\"wp-block-group alignfull has-background-background-color has-background has-global-padding is-layout-constrained wp-container-core-group-is-layout-832022f9 wp-block-group-is-layout-constrained\" style=\"margin-top:0;margin-bottom:0;padding-top:0;padding-right:0;padding-bottom:0;padding-left:0\">\n<div class=\"wp-block-cover alignfull extendify-image-import\" style=\"padding-top:0;padding-right:var(--wp--preset--spacing--30);padding-bottom:0;padding-left:var(--wp--preset--spacing--30);min-height:50px;aspect-ratio:unset;\"><span aria-hidden=\"true\" class=\"wp-block-cover__background has-black-background-color has-background-dim-60 has-background-dim\"><\/span><img decoding=\"async\" class=\"wp-block-cover__image-background\" alt=\"\" src=\"https:\/\/images.unsplash.com\/photo-1559087316-47ce212113b7?fit=crop&amp;crop=entropy%2Cfaces&amp;auto=format%2Ccompress&amp;w=1280\" data-object-fit=\"cover\"\/><div class=\"wp-block-cover__inner-container is-layout-flow wp-block-cover-is-layout-flow\">\n<div class=\"wp-block-group has-global-padding is-layout-constrained wp-block-group-is-layout-constrained\" style=\"padding-top:var(--wp--preset--spacing--60);padding-bottom:var(--wp--preset--spacing--60)\">\n<div class=\"wp-block-group alignwide has-global-padding is-content-justification-center is-layout-constrained wp-block-group-is-layout-constrained\">\n<h1 class=\"wp-block-heading has-text-align-center has-text-color has-x-large-font-size\" style=\"color:#fffffffc\">YELI: \u00a1tu joyer\u00eda online!<\/h1>\n\n\n\n<p class=\"has-text-align-center has-text-color\" style=\"color:#fffffffc;margin-top:16px\">Preguntas frecuentes: Informaci\u00f3n sobre compra, env\u00edo y devoluci\u00f3n de productos disponible en YELI.<\/p>\n<\/div>\n<\/div>\n<\/div><\/div>\n<\/div>\n\n\n\n<div class=\"wp-block-group alignfull has-tertiary-background-color has-background has-global-padding is-layout-constrained wp-container-core-group-is-layout-7276a2bb wp-block-group-is-layout-constrained\" id=\"faq\" style=\"margin-top:0;margin-bottom:0;padding-top:var(--wp--preset--spacing--60);padding-right:var(--wp--preset--spacing--30);padding-bottom:var(--wp--preset--spacing--60);padding-left:var(--wp--preset--spacing--30)\">\n<div class=\"wp-block-group alignwide has-global-padding is-content-justification-left is-layout-constrained wp-container-core-group-is-layout-8b4c372c wp-block-group-is-layout-constrained\">\n<h2 class=\"wp-block-heading has-large-font-size\">\u00bfTiene alguna pregunta? \u00a1Estamos aqu\u00ed para ti!<\/h2>\n\n\n\n<p style=\"margin-top:16px\">Hemos recopilado las preguntas m\u00e1s frecuentes para brindarte toda la informaci\u00f3n que necesitas. Si no encuentra la respuesta que busca, cont\u00e1ctenos sin dudarlo.<\/p>\n<\/div>\n\n\n\n<div class=\"wp-block-columns alignwide is-layout-flex wp-container-core-columns-is-layout-47c06fe3 wp-block-columns-is-layout-flex\">\n<div class=\"wp-block-column is-layout-flow wp-block-column-is-layout-flow\">\n<h3 class=\"wp-block-heading\" style=\"font-size:clamp(14px, 0.875rem + ((1vw - 3.2px) * 0.625), 20px);line-height:1.5\">\u00bfQu\u00e9 m\u00e9todos de pago aceptamos?<\/h3>\n\n\n\n<p class=\"has-small-font-size\" style=\"margin-top:8px\">Aceptamos varios m\u00e9todos de pago, incluidas tarjetas de cr\u00e9dito, PayPal y transferencias bancarias.<\/p>\n<\/div>\n\n\n\n<div class=\"wp-block-column is-layout-flow wp-block-column-is-layout-flow\">\n<h3 class=\"wp-block-heading\" style=\"font-size:clamp(14px, 0.875rem + ((1vw - 3.2px) * 0.625), 20px);line-height:1.5\">\u00bfCu\u00e1nto tiempo tarda la entrega?<\/h3>\n\n\n\n<p class=\"has-small-font-size\" style=\"margin-top:8px\">El tiempo de entrega var\u00eda seg\u00fan su ubicaci\u00f3n y el producto que elija. Normalmente tarda entre 3 y 7 d\u00edas laborables.<\/p>\n<\/div>\n<\/div>\n\n\n\n<div class=\"wp-block-columns alignwide is-layout-flex wp-container-core-columns-is-layout-47c06fe3 wp-block-columns-is-layout-flex\">\n<div class=\"wp-block-column is-layout-flow wp-block-column-is-layout-flow\">\n<h3 class=\"wp-block-heading\" style=\"font-size:clamp(14px, 0.875rem + ((1vw - 3.2px) * 0.625), 20px);line-height:1.5\">\u00bfC\u00f3mo puedo comunicarme con atenci\u00f3n al cliente?<\/h3>\n\n\n\n<p class=\"has-small-font-size\" style=\"margin-top:8px\">Puede ponerse en contacto con nuestro servicio de atenci\u00f3n al cliente llamando al +39 123456789 o enviando un correo electr\u00f3nico a info@yeli.it.<\/p>\n<\/div>\n\n\n\n<div class=\"wp-block-column is-layout-flow wp-block-column-is-layout-flow\">\n<h3 class=\"wp-block-heading\" style=\"font-size:clamp(14px, 0.875rem + ((1vw - 3.2px) * 0.625), 20px);line-height:1.5\">\u00bfCu\u00e1l es su pol\u00edtica de devoluci\u00f3n?<\/h3>\n\n\n\n<p class=\"has-small-font-size\" style=\"margin-top:8px\">S\u00ed, puedes devolver un producto dentro de los 30 d\u00edas posteriores a la compra, siempre que est\u00e9 en su embalaje original y sin usar.<\/p>\n<\/div>\n<\/div>\n<\/div>\n\n\n\n<div class=\"wp-block-group alignfull has-background-background-color has-background has-global-padding is-layout-constrained wp-container-core-group-is-layout-7276a2bb wp-block-group-is-layout-constrained\" style=\"margin-top:0;margin-bottom:0;padding-top:var(--wp--preset--spacing--60);padding-right:var(--wp--preset--spacing--30);padding-bottom:var(--wp--preset--spacing--60);padding-left:var(--wp--preset--spacing--30)\">\n<div class=\"wp-block-group has-global-padding is-layout-constrained wp-block-group-is-layout-constrained\">\n<h2 class=\"wp-block-heading has-text-align-center has-large-font-size\">Bienvenido a Yeli: \u00a1tu tienda Online de joyer\u00eda y complementos!<\/h2>\n\n\n\n<p class=\"has-text-align-center\" style=\"margin-top:16px\">Explora nuestra colecci\u00f3n exclusiva de joyas y accesorios en Yeli. Encontrar\u00e1s piezas \u00fanicas hechas a mano en Italia, desde anillos hasta relojes, desde collares hasta pulseras. Disfrute de nuestro amigable servicio al cliente y entrega r\u00e1pida. \u00a1No pierdas la oportunidad, descubre ahora las incre\u00edbles ofertas en Yeli!<\/p>\n\n\n\n<div class=\"wp-block-buttons is-content-justification-center is-layout-flex wp-container-core-buttons-is-layout-720bcce9 wp-block-buttons-is-layout-flex\">\n<div class=\"wp-block-button is-style-outline is-style-outline--1\"><a class=\"wp-block-button__link wp-element-button\" href=\"\/informazioni\">Descubre Yeli.it<\/a><\/div>\n\n\n\n<div class=\"wp-block-button\"><a class=\"wp-block-button__link wp-element-button\" href=\"\/informazioni\">Tienda<\/a><\/div>\n<\/div>\n<\/div>\n\n\n\n<div style=\"aspect-ratio:16\/9;min-height:unset;\" class=\"wp-block-cover alignwide extendify-image-import has-aspect-ratio\"><span aria-hidden=\"true\" class=\"wp-block-cover__background has-background-dim-0 has-background-dim\"><\/span><img decoding=\"async\" class=\"wp-block-cover__image-background\" alt=\"\" src=\"https:\/\/images.unsplash.com\/photo-1559087316-f8860a97e7ba?fit=crop&amp;crop=entropy%2Cfaces&amp;auto=format%2Ccompress&amp;w=1280\" data-object-fit=\"cover\"\/><div class=\"wp-block-cover__inner-container has-global-padding is-layout-constrained wp-block-cover-is-layout-constrained\">\n<div style=\"height:360px\" aria-hidden=\"true\" class=\"wp-block-spacer\"><\/div>\n<\/div><\/div>\n<\/div>\n\n\n\n<div class=\"wp-block-group alignfull has-tertiary-background-color has-background has-global-padding is-layout-constrained wp-container-core-group-is-layout-7276a2bb wp-block-group-is-layout-constrained\" id=\"contatti\" style=\"margin-top:0;margin-bottom:0;padding-top:var(--wp--preset--spacing--60);padding-right:var(--wp--preset--spacing--30);padding-bottom:var(--wp--preset--spacing--60);padding-left:var(--wp--preset--spacing--30)\">\n<div class=\"wp-block-columns alignwide is-layout-flex wp-container-core-columns-is-layout-fa584acd wp-block-columns-is-layout-flex\">\n<div class=\"wp-block-column is-layout-flow wp-block-column-is-layout-flow\" style=\"flex-basis:50%\">\n<div class=\"wp-block-group has-global-padding is-layout-constrained wp-block-group-is-layout-constrained\" style=\"margin-bottom:var(--wp--preset--spacing--40)\">\n<h2 class=\"wp-block-heading has-large-font-size\">Contactos para atenci\u00f3n al cliente<\/h2>\n\n\n\n<p style=\"margin-top:1rem\">Estamos disponibles para responder a tus preguntas y ofrecerte soporte. \u00a1Cont\u00e1ctanos sin dudarlo!<\/p>\n<\/div>\n\n\n<div class=\"wpforms-container wpforms-block wpforms-block-9afe8130-2d97-4b16-9810-df903f92a81c wpforms-render-modern\" id=\"wpforms-15\"><form id=\"wpforms-form-15\" class=\"wpforms-validate wpforms-form wpforms-ajax-form\" data-formid=\"15\" method=\"post\" enctype=\"multipart\/form-data\" action=\"\/it\/wp-json\/wp\/v2\/pages\/19\" data-token=\"df3c13ca3ad4cfa69d8a4608973df11d\" data-token-time=\"1778405948\"><noscript class=\"wpforms-error-noscript\">Abilita JavaScript nel browser per completare questo modulo.<\/noscript><div id=\"wpforms-error-noscript\" style=\"display: none;\">Abilita JavaScript nel browser per completare questo modulo.<\/div><div class=\"wpforms-field-container\"><div id=\"wpforms-15-field_1-container\" class=\"wpforms-field wpforms-field-name\" data-field-id=\"1\"><label class=\"wpforms-field-label\" for=\"wpforms-15-field_1\">Nombre <span class=\"wpforms-required-label\" aria-hidden=\"true\">*<\/span><\/label><input type=\"text\" id=\"wpforms-15-field_1\" class=\"wpforms-field-large wpforms-field-required\" name=\"wpforms[fields][1]\" aria-errormessage=\"wpforms-15-field_1-error\" required><\/div><div id=\"wpforms-15-field_2-container\" class=\"wpforms-field wpforms-field-email\" data-field-id=\"2\"><label class=\"wpforms-field-label\" for=\"wpforms-15-field_2\">Email <span class=\"wpforms-required-label\" aria-hidden=\"true\">*<\/span><\/label><input type=\"email\" id=\"wpforms-15-field_2\" class=\"wpforms-field-large wpforms-field-required\" name=\"wpforms[fields][2]\" spellcheck=\"false\" aria-errormessage=\"wpforms-15-field_2-error\" required><\/div>\t\t<div id=\"wpforms-15-field_5-container\"\n\t\t\tclass=\"wpforms-field wpforms-field-text\"\n\t\t\tdata-field-type=\"text\"\n\t\t\tdata-field-id=\"5\"\n\t\t\t>\n\t\t\t<label class=\"wpforms-field-label\" for=\"wpforms-15-field_5\" >Nombre Asunto Email<\/label>\n\t\t\t<input type=\"text\" id=\"wpforms-15-field_5\" class=\"wpforms-field-medium\" name=\"wpforms[fields][5]\" >\n\t\t<\/div>\n\t\t<div id=\"wpforms-15-field_3-container\" class=\"wpforms-field wpforms-field-text\" data-field-id=\"3\"><label class=\"wpforms-field-label\" for=\"wpforms-15-field_3\">Asunto<\/label><input type=\"text\" id=\"wpforms-15-field_3\" class=\"wpforms-field-large\" name=\"wpforms[fields][3]\" aria-errormessage=\"wpforms-15-field_3-error\" ><\/div><div id=\"wpforms-15-field_4-container\" class=\"wpforms-field wpforms-field-textarea\" data-field-id=\"4\"><label class=\"wpforms-field-label\" for=\"wpforms-15-field_4\">Mensaje <span class=\"wpforms-required-label\" aria-hidden=\"true\">*<\/span><\/label><textarea id=\"wpforms-15-field_4\" class=\"wpforms-field-large wpforms-field-required\" name=\"wpforms[fields][4]\" aria-errormessage=\"wpforms-15-field_4-error\" required><\/textarea><\/div><script>\n\t\t\t\t( function() {\n\t\t\t\t\tconst style = document.createElement( 'style' );\n\t\t\t\t\tstyle.appendChild( document.createTextNode( '#wpforms-15-field_5-container { position: absolute !important; overflow: hidden !important; display: inline !important; height: 1px !important; width: 1px !important; z-index: -1000 !important; padding: 0 !important; } #wpforms-15-field_5-container input { visibility: hidden; } #wpforms-conversational-form-page #wpforms-15-field_5-container label { counter-increment: none; }' ) );\n\t\t\t\t\tdocument.head.appendChild( style );\n\t\t\t\t\tdocument.currentScript?.remove();\n\t\t\t\t} )();\n\t\t\t<\/script><\/div><!-- .wpforms-field-container --><div class=\"wpforms-submit-container\" ><input type=\"hidden\" name=\"wpforms[id]\" value=\"15\"><input type=\"hidden\" name=\"page_title\" value=\"\"><input type=\"hidden\" name=\"page_url\" value=\"https:\/\/yeli.it\/it\/wp-json\/wp\/v2\/pages\/19\"><input type=\"hidden\" name=\"url_referer\" value=\"\"><button type=\"submit\" name=\"wpforms[submit]\" id=\"wpforms-submit-15\" class=\"wpforms-submit\" data-alt-text=\"Envio en curso...\" data-submit-text=\"Envia\" aria-live=\"assertive\" value=\"wpforms-submit\">Envia<\/button><img loading=\"lazy\" decoding=\"async\" src=\"https:\/\/yeli.it\/wp-content\/plugins\/wpforms-lite\/assets\/images\/submit-spin.svg\" class=\"wpforms-submit-spinner\" style=\"display: none;\" width=\"26\" height=\"26\" alt=\"Caricamento\"><\/div><\/form><\/div>  <!-- .wpforms-container --><\/div>\n\n\n\n<div class=\"wp-block-column is-layout-flow wp-block-column-is-layout-flow\" style=\"flex-basis:50%\">\n<figure class=\"wp-block-image size-large extendify-image-import\"><img loading=\"lazy\" decoding=\"async\" width=\"768\" height=\"1024\" src=\"https:\/\/yeli.it\/wp-content\/uploads\/2024\/10\/Imagen-de-WhatsApp-2024-10-01-a-las-14.04.29_4b80c3c2-768x1024.jpg\" alt=\"\" class=\"wp-image-34\" style=\"aspect-ratio:3\/4;object-fit:cover\" srcset=\"https:\/\/yeli.it\/wp-content\/uploads\/2024\/10\/Imagen-de-WhatsApp-2024-10-01-a-las-14.04.29_4b80c3c2-768x1024.jpg 768w, https:\/\/yeli.it\/wp-content\/uploads\/2024\/10\/Imagen-de-WhatsApp-2024-10-01-a-las-14.04.29_4b80c3c2-225x300.jpg 225w, https:\/\/yeli.it\/wp-content\/uploads\/2024\/10\/Imagen-de-WhatsApp-2024-10-01-a-las-14.04.29_4b80c3c2-1152x1536.jpg 1152w, https:\/\/yeli.it\/wp-content\/uploads\/2024\/10\/Imagen-de-WhatsApp-2024-10-01-a-las-14.04.29_4b80c3c2-1536x2048.jpg 1536w, https:\/\/yeli.it\/wp-content\/uploads\/2024\/10\/Imagen-de-WhatsApp-2024-10-01-a-las-14.04.29_4b80c3c2-600x800.jpg 600w, https:\/\/yeli.it\/wp-content\/uploads\/2024\/10\/Imagen-de-WhatsApp-2024-10-01-a-las-14.04.29_4b80c3c2-scaled.jpg 1920w\" sizes=\"auto, (max-width: 768px) 100vw, 768px\" \/><\/figure>\n<\/div>\n<\/div>\n<\/div>\n","protected":false},"excerpt":{"rendered":"<p>\u00bfTiene alguna pregunta? \u00a1Estamos aqu\u00ed para ti! Hemos recopilado las preguntas m\u00e1s frecuentes para brindarte toda la informaci\u00f3n que necesitas. Si no encuentra la respuesta que busca, cont\u00e1ctenos sin dudarlo. \u00bfQu\u00e9 m\u00e9todos de pago aceptamos? Aceptamos varios m\u00e9todos de pago, incluidas tarjetas de cr\u00e9dito, PayPal y transferencias bancarias. \u00bfCu\u00e1nto tiempo tarda la entrega? El tiempo [&hellip;]<\/p>\n","protected":false},"author":1,"featured_media":0,"parent":0,"menu_order":0,"comment_status":"closed","ping_status":"closed","template":"no-title","meta":{"_monsterinsights_skip_tracking":false,"_monsterinsights_sitenote_active":false,"_monsterinsights_sitenote_note":"","_monsterinsights_sitenote_category":0,"footnotes":""},"class_list":["post-19","page","type-page","status-publish","hentry"],"aioseo_notices":[],"jetpack_sharing_enabled":true,"_links":{"self":[{"href":"https:\/\/yeli.it\/it\/wp-json\/wp\/v2\/pages\/19","targetHints":{"allow":["GET"]}}],"collection":[{"href":"https:\/\/yeli.it\/it\/wp-json\/wp\/v2\/pages"}],"about":[{"href":"https:\/\/yeli.it\/it\/wp-json\/wp\/v2\/types\/page"}],"author":[{"embeddable":true,"href":"https:\/\/yeli.it\/it\/wp-json\/wp\/v2\/users\/1"}],"replies":[{"embeddable":true,"href":"https:\/\/yeli.it\/it\/wp-json\/wp\/v2\/comments?post=19"}],"version-history":[{"count":3,"href":"https:\/\/yeli.it\/it\/wp-json\/wp\/v2\/pages\/19\/revisions"}],"predecessor-version":[{"id":135,"href":"https:\/\/yeli.it\/it\/wp-json\/wp\/v2\/pages\/19\/revisions\/135"}],"wp:attachment":[{"href":"https:\/\/yeli.it\/it\/wp-json\/wp\/v2\/media?parent=19"}],"curies":[{"name":"wp","href":"https:\/\/api.w.org\/{rel}","templated":true}]}}